{"id":893,"date":"2021-12-24T03:07:33","date_gmt":"2021-12-24T07:07:33","guid":{"rendered":"https:\/\/www.shanklelaw.com\/politica-de-privacidad\/"},"modified":"2025-09-12T06:19:09","modified_gmt":"2025-09-12T10:19:09","slug":"politica-de-privacidad","status":"publish","type":"page","link":"https:\/\/www.shanklelaw.com\/es\/politica-de-privacidad\/","title":{"rendered":"Pol\u00edtica de privacidad"},"content":{"rendered":"\t\t<div data-elementor-type=\"wp-page\" data-elementor-id=\"893\" class=\"elementor elementor-893 elementor-99\" data-elementor-post-type=\"page\">\n\t\t\t\t<div class=\"elementor-element elementor-element-18bfca2 e-flex e-con-boxed e-con e-parent\" data-id=\"18bfca2\" data-element_type=\"container\" data-e-type=\"container\">\n\t\t\t\t\t<div class=\"e-con-inner\">\n\t\t\t\t<div class=\"elementor-element elementor-element-de79deb elementor-widget elementor-widget-heading\" data-id=\"de79deb\" data-element_type=\"widget\" data-e-type=\"widget\" data-widget_type=\"heading.default\">\n\t\t\t\t<div class=\"elementor-widget-container\">\n\t\t\t\t\t<h1 class=\"elementor-heading-title elementor-size-default\">Pol\u00edtica de privacidad<\/h1>\t\t\t\t<\/div>\n\t\t\t\t<\/div>\n\t\t\t\t<div class=\"elementor-element elementor-element-da866b3 elementor-widget elementor-widget-heading\" data-id=\"da866b3\" data-element_type=\"widget\" data-e-type=\"widget\" data-widget_type=\"heading.default\">\n\t\t\t\t<div class=\"elementor-widget-container\">\n\t\t\t\t\t<h3 class=\"elementor-heading-title elementor-size-default\">Nuestro compromiso con la privacidad<\/h3>\t\t\t\t<\/div>\n\t\t\t\t<\/div>\n\t\t\t\t<div class=\"elementor-element elementor-element-c0b3cb8 elementor-widget elementor-widget-text-editor\" data-id=\"c0b3cb8\" data-element_type=\"widget\" data-e-type=\"widget\" data-widget_type=\"text-editor.default\">\n\t\t\t\t<div class=\"elementor-widget-container\">\n\t\t\t\t\t\t\t\t\t<p>Su privacidad es importante para nosotros. Para proteger mejor su privacidad, proporcionamos este aviso que explica nuestras pr\u00e1cticas de informaci\u00f3n en l\u00ednea y las opciones que puede tomar sobre la forma en que su informaci\u00f3n se recopila y utiliza. Para que este aviso sea f\u00e1cil de encontrar, lo ponemos a su disposici\u00f3n en nuestra p\u00e1gina de inicio y en cada punto donde se pueda solicitar informaci\u00f3n de identificaci\u00f3n personal.  <\/p>\t\t\t\t\t\t\t\t<\/div>\n\t\t\t\t<\/div>\n\t\t\t\t<div class=\"elementor-element elementor-element-137e041 elementor-widget elementor-widget-heading\" data-id=\"137e041\" data-element_type=\"widget\" data-e-type=\"widget\" data-widget_type=\"heading.default\">\n\t\t\t\t<div class=\"elementor-widget-container\">\n\t\t\t\t\t<h3 class=\"elementor-heading-title elementor-size-default\">La informaci\u00f3n que recopilamos<\/h3>\t\t\t\t<\/div>\n\t\t\t\t<\/div>\n\t\t\t\t<div class=\"elementor-element elementor-element-4dbd6d3 elementor-widget elementor-widget-text-editor\" data-id=\"4dbd6d3\" data-element_type=\"widget\" data-e-type=\"widget\" data-widget_type=\"text-editor.default\">\n\t\t\t\t<div class=\"elementor-widget-container\">\n\t\t\t\t\t\t\t\t\t<p>Este aviso se aplica a toda la informaci\u00f3n recopilada o enviada en el sitio web. En algunas p\u00e1ginas, puede hacer solicitudes y registrarse para recibir materiales. Los tipos de informaci\u00f3n personal que se recopilan en estas p\u00e1ginas son:  <\/p>\t\t\t\t\t\t\t\t<\/div>\n\t\t\t\t<\/div>\n\t\t\t\t<div class=\"elementor-element elementor-element-57851e1 elementor-icon-list--layout-traditional elementor-list-item-link-full_width elementor-widget elementor-widget-icon-list\" data-id=\"57851e1\" data-element_type=\"widget\" data-e-type=\"widget\" data-widget_type=\"icon-list.default\">\n\t\t\t\t<div class=\"elementor-widget-container\">\n\t\t\t\t\t\t\t<ul class=\"elementor-icon-list-items\">\n\t\t\t\t\t\t\t<li class=\"elementor-icon-list-item\">\n\t\t\t\t\t\t\t\t\t\t<span class=\"elementor-icon-list-text\">Nombre<\/span>\n\t\t\t\t\t\t\t\t\t<\/li>\n\t\t\t\t\t\t\t\t<li class=\"elementor-icon-list-item\">\n\t\t\t\t\t\t\t\t\t\t<span class=\"elementor-icon-list-text\">Direcci\u00f3n<\/span>\n\t\t\t\t\t\t\t\t\t<\/li>\n\t\t\t\t\t\t\t\t<li class=\"elementor-icon-list-item\">\n\t\t\t\t\t\t\t\t\t\t<span class=\"elementor-icon-list-text\">Direcci\u00f3n de correo electr\u00f3nico<\/span>\n\t\t\t\t\t\t\t\t\t<\/li>\n\t\t\t\t\t\t\t\t<li class=\"elementor-icon-list-item\">\n\t\t\t\t\t\t\t\t\t\t<span class=\"elementor-icon-list-text\">N\u00famero de tel\u00e9fono<\/span>\n\t\t\t\t\t\t\t\t\t<\/li>\n\t\t\t\t\t\t<\/ul>\n\t\t\t\t\t\t<\/div>\n\t\t\t\t<\/div>\n\t\t\t\t<div class=\"elementor-element elementor-element-9bcd070 elementor-widget elementor-widget-heading\" data-id=\"9bcd070\" data-element_type=\"widget\" data-e-type=\"widget\" data-widget_type=\"heading.default\">\n\t\t\t\t<div class=\"elementor-widget-container\">\n\t\t\t\t\t<h3 class=\"elementor-heading-title elementor-size-default\">La forma en que utilizamos la informaci\u00f3n<\/h3>\t\t\t\t<\/div>\n\t\t\t\t<\/div>\n\t\t\t\t<div class=\"elementor-element elementor-element-f5c53a7 elementor-widget elementor-widget-text-editor\" data-id=\"f5c53a7\" data-element_type=\"widget\" data-e-type=\"widget\" data-widget_type=\"text-editor.default\">\n\t\t\t\t<div class=\"elementor-widget-container\">\n\t\t\t\t\t\t\t\t\t<p>Utilizamos la informaci\u00f3n que proporciona sobre s\u00ed mismo al realizar un pedido solo para completar esa solicitud de informaci\u00f3n. No compartimos esta informaci\u00f3n con terceros, excepto en la medida necesaria para completar ese proceso. <\/p><p>Utilizamos las direcciones de correo electr\u00f3nico de respuesta para responder al correo electr\u00f3nico que recibimos. Dichas direcciones no se utilizan para ning\u00fan otro prop\u00f3sito y no se comparten con terceros. <\/p><p>Puede registrarse en nuestro sitio web si desea recibir nuestro bolet\u00edn, as\u00ed como actualizaciones sobre nuestros nuevos productos y servicios. La informaci\u00f3n que env\u00ede en nuestro sitio web no se utilizar\u00e1 para este prop\u00f3sito a menos que complete el formulario de registro correspondiente. <\/p><p>Utilizamos informaci\u00f3n no identificable y agregada para mejorar el dise\u00f1o de nuestro sitio web, pero no divulgaremos nada que pueda utilizarse para identificar a esas personas.<\/p><p>Finalmente, nunca utilizamos ni compartimos la informaci\u00f3n de identificaci\u00f3n personal que se nos proporciona en l\u00ednea de maneras no relacionadas con las descritas anteriormente sin brindarle tambi\u00e9n la oportunidad de optar por no participar o prohibir dichos usos no relacionados.<\/p>\t\t\t\t\t\t\t\t<\/div>\n\t\t\t\t<\/div>\n\t\t\t\t<div class=\"elementor-element elementor-element-ff0d032 elementor-widget elementor-widget-heading\" data-id=\"ff0d032\" data-element_type=\"widget\" data-e-type=\"widget\" data-widget_type=\"heading.default\">\n\t\t\t\t<div class=\"elementor-widget-container\">\n\t\t\t\t\t<h3 class=\"elementor-heading-title elementor-size-default\">Nuestro compromiso con la seguridad de los datos<\/h3>\t\t\t\t<\/div>\n\t\t\t\t<\/div>\n\t\t\t\t<div class=\"elementor-element elementor-element-61aad2d elementor-widget elementor-widget-text-editor\" data-id=\"61aad2d\" data-element_type=\"widget\" data-e-type=\"widget\" data-widget_type=\"text-editor.default\">\n\t\t\t\t<div class=\"elementor-widget-container\">\n\t\t\t\t\t\t\t\t\t<p>Para evitar el acceso no autorizado, mantener la precisi\u00f3n de los datos y garantizar el uso correcto de la informaci\u00f3n, hemos implementado los procedimientos f\u00edsicos, electr\u00f3nicos y administrativos adecuados para salvaguardar y asegurar la informaci\u00f3n que recopilamos en l\u00ednea.<\/p>\t\t\t\t\t\t\t\t<\/div>\n\t\t\t\t<\/div>\n\t\t\t\t<div class=\"elementor-element elementor-element-daf94c8 elementor-widget elementor-widget-heading\" data-id=\"daf94c8\" data-element_type=\"widget\" data-e-type=\"widget\" data-widget_type=\"heading.default\">\n\t\t\t\t<div class=\"elementor-widget-container\">\n\t\t\t\t\t<h3 class=\"elementor-heading-title elementor-size-default\">C\u00f3mo puede acceder o corregir su informaci\u00f3n<\/h3>\t\t\t\t<\/div>\n\t\t\t\t<\/div>\n\t\t\t\t<div class=\"elementor-element elementor-element-c25d66f elementor-widget elementor-widget-text-editor\" data-id=\"c25d66f\" data-element_type=\"widget\" data-e-type=\"widget\" data-widget_type=\"text-editor.default\">\n\t\t\t\t<div class=\"elementor-widget-container\">\n\t\t\t\t\t\t\t\t\t<p>Puede consultar sobre toda su informaci\u00f3n de identificaci\u00f3n personal que recopilamos y mantenemos en l\u00ednea poni\u00e9ndose en contacto con nosotros. Utilizamos este procedimiento para proteger mejor su informaci\u00f3n. <\/p><p>Puede corregir errores de hecho en su informaci\u00f3n de identificaci\u00f3n personal envi\u00e1ndonos una solicitud que muestre de manera cre\u00edble el error.<\/p><p>Para proteger su privacidad y seguridad, tambi\u00e9n tomaremos medidas razonables para verificar su identidad antes de otorgar acceso o realizar correcciones.<\/p>\t\t\t\t\t\t\t\t<\/div>\n\t\t\t\t<\/div>\n\t\t\t\t\t<\/div>\n\t\t\t\t<\/div>\n\t\t\t\t<\/div>\n\t\t","protected":false},"excerpt":{"rendered":"<p>Pol\u00edtica de privacidad Nuestro compromiso con la privacidad Su privacidad es importante para nosotros. Para proteger mejor su privacidad, proporcionamos este aviso que explica nuestras pr\u00e1cticas de informaci\u00f3n en l\u00ednea y las opciones que puede tomar sobre la forma en que su informaci\u00f3n se recopila y utiliza. Para que este aviso sea f\u00e1cil de encontrar, [&hellip;]<\/p>\n","protected":false},"author":2,"featured_media":0,"parent":0,"menu_order":0,"comment_status":"closed","ping_status":"closed","template":"","meta":{"_acf_changed":false,"inline_featured_image":false,"_monsterinsights_skip_tracking":false,"_monsterinsights_sitenote_active":false,"_monsterinsights_sitenote_note":"","_monsterinsights_sitenote_category":0,"footnotes":""},"class_list":["post-893","page","type-page","status-publish","hentry"],"acf":[],"_links":{"self":[{"href":"https:\/\/www.shanklelaw.com\/es\/wp-json\/wp\/v2\/pages\/893","targetHints":{"allow":["GET"]}}],"collection":[{"href":"https:\/\/www.shanklelaw.com\/es\/wp-json\/wp\/v2\/pages"}],"about":[{"href":"https:\/\/www.shanklelaw.com\/es\/wp-json\/wp\/v2\/types\/page"}],"author":[{"embeddable":true,"href":"https:\/\/www.shanklelaw.com\/es\/wp-json\/wp\/v2\/users\/2"}],"replies":[{"embeddable":true,"href":"https:\/\/www.shanklelaw.com\/es\/wp-json\/wp\/v2\/comments?post=893"}],"version-history":[{"count":0,"href":"https:\/\/www.shanklelaw.com\/es\/wp-json\/wp\/v2\/pages\/893\/revisions"}],"wp:attachment":[{"href":"https:\/\/www.shanklelaw.com\/es\/wp-json\/wp\/v2\/media?parent=893"}],"curies":[{"name":"wp","href":"https:\/\/api.w.org\/{rel}","templated":true}]}}